{"id":11,"date":"2021-09-27T23:44:49","date_gmt":"2021-09-27T23:44:49","guid":{"rendered":"https:\/\/jeuxdegenie.qc.ca\/jdg\/2022\/?page_id=11"},"modified":"2021-11-09T00:30:27","modified_gmt":"2021-11-09T00:30:27","slug":"accueil","status":"publish","type":"page","link":"https:\/\/jeuxdegenie.qc.ca\/jdg\/2022\/","title":{"rendered":"Accueil"},"content":{"rendered":"\n<h2 class=\"has-text-align-center has-text-color wp-block-heading\" style=\"color:#f59d4a\">NOS QUATRE PILIERS<\/h2>\n\n\n\n<div class=\"wp-block-columns is-layout-flex wp-container-core-columns-is-layout-9d6595d7 wp-block-columns-is-layout-flex\">\n<div class=\"wp-block-column is-layout-flow wp-block-column-is-layout-flow\">\n<div class=\"wp-block-columns is-layout-flex wp-container-core-columns-is-layout-9d6595d7 wp-block-columns-is-layout-flex\">\n<div class=\"wp-block-column is-layout-flow wp-block-column-is-layout-flow\">\n<figure class=\"wp-block-image size-full\"><img loading=\"lazy\" decoding=\"async\" width=\"748\" height=\"762\" src=\"https:\/\/jeuxdegenie.qc.ca\/jdg\/2022\/wp-content\/uploads\/2021\/11\/107025020_267510127868338_4213663655637132457_n.jpg\" alt=\"\" class=\"wp-image-274\"\/><\/figure>\n<\/div>\n\n\n\n<div class=\"wp-block-column is-layout-flow wp-block-column-is-layout-flow\">\n<figure class=\"wp-block-image size-full\"><img loading=\"lazy\" decoding=\"async\" width=\"759\" height=\"798\" src=\"https:\/\/jeuxdegenie.qc.ca\/jdg\/2022\/wp-content\/uploads\/2021\/11\/106677732_311144589912352_6790575053377002093_n.jpg\" alt=\"\" class=\"wp-image-275\"\/><\/figure>\n<\/div>\n<\/div>\n<\/div>\n\n\n\n<div class=\"wp-block-column is-layout-flow wp-block-column-is-layout-flow\">\n<div class=\"wp-block-columns is-layout-flex wp-container-core-columns-is-layout-9d6595d7 wp-block-columns-is-layout-flex\">\n<div class=\"wp-block-column is-layout-flow wp-block-column-is-layout-flow\">\n<figure class=\"wp-block-image size-full\"><img loading=\"lazy\" decoding=\"async\" width=\"695\" height=\"744\" src=\"https:\/\/jeuxdegenie.qc.ca\/jdg\/2022\/wp-content\/uploads\/2021\/11\/106914428_1488516041335880_2176159958891701434_n.jpg\" alt=\"\" class=\"wp-image-277\"\/><\/figure>\n<\/div>\n\n\n\n<div class=\"wp-block-column is-layout-flow wp-block-column-is-layout-flow\">\n<figure class=\"wp-block-image size-full\"><img loading=\"lazy\" decoding=\"async\" width=\"828\" height=\"765\" src=\"https:\/\/jeuxdegenie.qc.ca\/jdg\/2022\/wp-content\/uploads\/2021\/11\/106916534_639434023660056_5806057461664933147_n.jpg\" alt=\"\" class=\"wp-image-276\"\/><\/figure>\n<\/div>\n<\/div>\n<\/div>\n<\/div>\n\n\n\n<div class=\"wp-block-columns is-layout-flex wp-container-core-columns-is-layout-9d6595d7 wp-block-columns-is-layout-flex\">\n<div class=\"wp-block-column is-layout-flow wp-block-column-is-layout-flow\">\n<div class=\"wp-block-columns is-layout-flex wp-container-core-columns-is-layout-9d6595d7 wp-block-columns-is-layout-flex\">\n<div class=\"wp-block-column is-layout-flow wp-block-column-is-layout-flow\">\n<figure class=\"wp-block-image size-full\"><img loading=\"lazy\" decoding=\"async\" width=\"739\" height=\"926\" src=\"https:\/\/jeuxdegenie.qc.ca\/jdg\/2022\/wp-content\/uploads\/2021\/11\/beding.jpg\" alt=\"\" class=\"wp-image-270\"\/><\/figure>\n<\/div>\n\n\n\n<div class=\"wp-block-column is-layout-flow wp-block-column-is-layout-flow\">\n<figure class=\"wp-block-image size-full\"><img loading=\"lazy\" decoding=\"async\" width=\"686\" height=\"842\" src=\"https:\/\/jeuxdegenie.qc.ca\/jdg\/2022\/wp-content\/uploads\/2021\/11\/Laval.jpg\" alt=\"\" class=\"wp-image-271\"\/><\/figure>\n<\/div>\n<\/div>\n<\/div>\n\n\n\n<div class=\"wp-block-column is-layout-flow wp-block-column-is-layout-flow\">\n<div class=\"wp-block-columns is-layout-flex wp-container-core-columns-is-layout-9d6595d7 wp-block-columns-is-layout-flex\">\n<div class=\"wp-block-column is-layout-flow wp-block-column-is-layout-flow\">\n<figure class=\"wp-block-image size-full\"><img loading=\"lazy\" decoding=\"async\" width=\"672\" height=\"842\" src=\"https:\/\/jeuxdegenie.qc.ca\/jdg\/2022\/wp-content\/uploads\/2021\/11\/machine.jpg\" alt=\"\" class=\"wp-image-272\"\/><\/figure>\n<\/div>\n\n\n\n<div class=\"wp-block-column is-layout-flow wp-block-column-is-layout-flow\">\n<figure class=\"wp-block-image size-full\"><img loading=\"lazy\" decoding=\"async\" width=\"672\" height=\"842\" src=\"https:\/\/jeuxdegenie.qc.ca\/jdg\/2022\/wp-content\/uploads\/2021\/11\/TR.jpg\" alt=\"\" class=\"wp-image-273\"\/><\/figure>\n<\/div>\n<\/div>\n<\/div>\n<\/div>\n\n\n\n<h2 class=\"has-text-align-center has-text-color wp-block-heading\" style=\"color:#f59d4a\">TH\u00c9MATIQUE<\/h2>\n\n\n\n<p class=\"has-text-align-center\">Les ann\u00e9es 2020 et 2021 auront \u00e9t\u00e9 plein de surprises, d\u2019inattendus et de changements. La situation actuelle nous a pouss\u00e9 \u00e0 changer notre fa\u00e7on de vivre. Un retour aux choses essentielles de la vie a \u00e9t\u00e9 n\u00e9cessaire pour s\u2019adapter \u00e0 cette situation. La population a remis des valeurs de l\u2019avant, comme la famille, l\u2019entraide, la coop\u00e9ration et la d\u00e9brouillardise. Un retour aux sources a \u00e9t\u00e9 impos\u00e9 sur le monde entier.&nbsp;<\/p>\n\n\n\n<p class=\"has-text-align-center\">C\u2019est d\u2019ailleurs ce qui a inspir\u00e9 le Comit\u00e9 Organisateur pour le th\u00e8me des Jeux de G\u00e9nie 2021+1. Le retour aux sources permettra aux quelques 450 d\u00e9l\u00e9gu\u00e9.e.s de d\u00e9montrer ce qu\u2019ils ont appris et retiennent de cette pand\u00e9mie. Toutes les d\u00e9l\u00e9gations devront faire refl\u00e9ter le retour aux sources dans leurs comp\u00e9titions et leurs diff\u00e9rentes pr\u00e9sentations, en mettant l\u2019accent sur 4 piliers.<\/p>\n\n\n\n<p class=\"has-text-align-center\">Ces piliers repr\u00e9sentent ce que le Comit\u00e9 Organisateur croit que nous devrions retirer de cette situation hors du commun. La coop\u00e9ration \u00e9tudiante, l\u2019engagement \u00e9coresponsable, l\u2019esprit d\u2019initiative et la communaut\u00e9 sont des valeurs essentielles qui nous ram\u00e8nent \u00e0&nbsp;: Un retour aux sources. Et vous, qu\u2019en retenez-vous?<\/p>\n\n\n\n<h2 class=\"has-text-align-center has-text-color wp-block-heading\" style=\"color:#f59d4a\">HISTORIQUE<\/h2>\n\n\n\n<p class=\"has-text-align-center\">Depuis maintenant 31 ans, les Jeux de G\u00e9nie du Qu\u00e9bec repr\u00e9sentent la plus grande comp\u00e9tition d\u2019ing\u00e9nierie au Qu\u00e9bec et le plus important rassemblement d\u2019\u00e9tudiant.e.s en g\u00e9nie de la province. Les participant.e.s, provenant de 13 universit\u00e9s du Qu\u00e9bec et de l\u2019Ontario, mettent \u00e0 l\u2019\u00e9preuve leurs comp\u00e9tences g\u00e9n\u00e9rales et sp\u00e9cifiques, compl\u00e9mentaires \u00e0 celles de la profession d\u2019ing\u00e9nieur en s\u2019affrontant dans des d\u00e9fis de nature vari\u00e9e. Pour la trenti\u00e8me et uni\u00e8me \u00e9dition, l\u2019\u00e9v\u00e9nement se d\u00e9roulera du 3 au 7 janvier 2022 \u00e0 Polytechnique Montr\u00e9al.<\/p>\n","protected":false},"excerpt":{"rendered":"<p>NOS QUATRE PILIERS TH\u00c9MATIQUE Les ann\u00e9es 2020 et 2021 auront \u00e9t\u00e9 plein de surprises, d\u2019inattendus et de changements. La situation actuelle nous a pouss\u00e9 \u00e0 changer notre fa\u00e7on de vivre. Un retour aux choses essentielles de la vie a \u00e9t\u00e9 n\u00e9cessaire pour s\u2019adapter \u00e0 cette situation. La population a remis [&hellip;]<\/p>\n","protected":false},"author":1,"featured_media":0,"parent":0,"menu_order":0,"comment_status":"closed","ping_status":"closed","template":"","meta":{"footnotes":""},"class_list":["post-11","page","type-page","status-publish","hentry"],"_links":{"self":[{"href":"https:\/\/jeuxdegenie.qc.ca\/jdg\/2022\/wp-json\/wp\/v2\/pages\/11","targetHints":{"allow":["GET"]}}],"collection":[{"href":"https:\/\/jeuxdegenie.qc.ca\/jdg\/2022\/wp-json\/wp\/v2\/pages"}],"about":[{"href":"https:\/\/jeuxdegenie.qc.ca\/jdg\/2022\/wp-json\/wp\/v2\/types\/page"}],"author":[{"embeddable":true,"href":"https:\/\/jeuxdegenie.qc.ca\/jdg\/2022\/wp-json\/wp\/v2\/users\/1"}],"replies":[{"embeddable":true,"href":"https:\/\/jeuxdegenie.qc.ca\/jdg\/2022\/wp-json\/wp\/v2\/comments?post=11"}],"version-history":[{"count":9,"href":"https:\/\/jeuxdegenie.qc.ca\/jdg\/2022\/wp-json\/wp\/v2\/pages\/11\/revisions"}],"predecessor-version":[{"id":278,"href":"https:\/\/jeuxdegenie.qc.ca\/jdg\/2022\/wp-json\/wp\/v2\/pages\/11\/revisions\/278"}],"wp:attachment":[{"href":"https:\/\/jeuxdegenie.qc.ca\/jdg\/2022\/wp-json\/wp\/v2\/media?parent=11"}],"curies":[{"name":"wp","href":"https:\/\/api.w.org\/{rel}","templated":true}]}}