{"id":2752,"date":"2024-05-04T01:28:34","date_gmt":"2024-05-04T01:28:34","guid":{"rendered":"https:\/\/jeuxdegenie.qc.ca\/jdg\/2025\/contact\/"},"modified":"2025-05-29T21:20:19","modified_gmt":"2025-05-29T21:20:19","slug":"contact","status":"publish","type":"page","link":"https:\/\/jeuxdegenie.qc.ca\/en\/contact\/","title":{"rendered":"Contact us"},"content":{"rendered":"<div data-colibri-id=\"2752-c1\" class=\"style-1462 style-local-2752-c1 position-relative\">\n  <!---->\n  <div data-colibri-component=\"section\" data-colibri-id=\"2752-c2\" id=\"about\" class=\"h-section h-section-global-spacing d-flex align-items-lg-center align-items-md-center align-items-center style-1597 style-local-2752-c2 position-relative\">\n    <!---->\n    <!---->\n    <div class=\"h-section-grid-container h-section-boxed-container\">\n      <!---->\n      <div data-colibri-id=\"2752-c3\" class=\"h-row-container gutters-row-lg-3 gutters-row-md-3 gutters-row-0 gutters-row-v-lg-3 gutters-row-v-md-3 gutters-row-v-3 style-1598 style-local-2752-c3 position-relative\">\n        <!---->\n        <div class=\"h-row justify-content-lg-center justify-content-md-center justify-content-center align-items-lg-center align-items-md-center align-items-center gutters-col-lg-3 gutters-col-md-3 gutters-col-0 gutters-col-v-lg-3 gutters-col-v-md-3 gutters-col-v-3\">\n          <!---->\n          <div class=\"h-column h-column-container d-flex h-col-lg-auto h-col-md-auto h-col-auto align-self-lg-center align-self-md-center align-self-center style-1599-outer style-local-2752-c4-outer\">\n            <div data-colibri-id=\"2752-c4\" class=\"d-flex h-flex-basis h-column__inner h-px-lg-0 h-px-md-0 h-px-0 v-inner-lg-0 v-inner-md-0 v-inner-0 style-1599 style-local-2752-c4 position-relative\">\n              <!---->\n              <!---->\n              <div class=\"w-100 h-y-container h-column__content h-column__v-align flex-basis-100 align-self-lg-start align-self-md-start align-self-start\">\n                <!---->\n                <div data-colibri-id=\"2752-c5\" class=\"d-block style-1604 style-local-2752-c5 position-relative h-element\">\n                  <!---->\n                  <div class=\"h-image__frame-container-outer\">\n                    <div class=\"h-image__frame-container\">\n                      <!---->\n                      <!---->\n                      <img decoding=\"async\" width=\"1261\" height=\"1258\" data-src=\"https:\/\/jeuxdegenie.qc.ca\/jdg\/2026\/wp-content\/uploads\/2025\/05\/cropped-cropped-banquet.jpg\" class=\"wp-image-6131 style-1604-image style-local-2752-c5-image lazyload\" alt=\"\" data-srcset=\"https:\/\/jeuxdegenie.qc.ca\/jdg\/2026\/wp-content\/uploads\/2025\/05\/cropped-cropped-banquet.jpg 1261w, https:\/\/jeuxdegenie.qc.ca\/jdg\/2026\/wp-content\/uploads\/2025\/05\/cropped-cropped-banquet-300x300.jpg 300w, https:\/\/jeuxdegenie.qc.ca\/jdg\/2026\/wp-content\/uploads\/2025\/05\/cropped-cropped-banquet-1024x1022.jpg 1024w, https:\/\/jeuxdegenie.qc.ca\/jdg\/2026\/wp-content\/uploads\/2025\/05\/cropped-cropped-banquet-150x150.jpg 150w, https:\/\/jeuxdegenie.qc.ca\/jdg\/2026\/wp-content\/uploads\/2025\/05\/cropped-cropped-banquet-768x766.jpg 768w, https:\/\/jeuxdegenie.qc.ca\/jdg\/2026\/wp-content\/uploads\/2025\/05\/cropped-cropped-banquet-12x12.jpg 12w\" data-sizes=\"(max-width: 1261px) 100vw, 1261px\" src=\"data:image\/gif;base64,R0lGODlhAQABAAAAACH5BAEKAAEALAAAAAABAAEAAAICTAEAOw==\" style=\"--smush-placeholder-width: 1261px; --smush-placeholder-aspect-ratio: 1261\/1258;\" \/>\n                      <div class=\"h-image__frame h-hide-lg h-hide-md h-hide-sm style-1604-frameImage style-local-2752-c5-frameImage\"><\/div>\n                    <\/div>\n                  <\/div>\n                <\/div>\n              <\/div>\n            <\/div>\n          <\/div>\n          <div class=\"h-column h-column-container d-flex h-col-lg-auto h-col-md-auto h-col-auto align-self-lg-center align-self-md-center align-self-center style-1600-outer style-local-2752-c6-outer\">\n            <div data-colibri-id=\"2752-c6\" class=\"d-flex h-flex-basis h-column__inner h-px-lg-2 h-px-md-2 h-px-2 v-inner-lg-2 v-inner-md-2 v-inner-2 style-1600 style-local-2752-c6 position-relative\">\n              <!---->\n              <!---->\n              <div class=\"w-100 h-y-container h-column__content h-column__v-align flex-basis-100 align-self-lg-start align-self-md-start align-self-start\">\n                <!---->\n                <div data-colibri-id=\"2752-c7\" class=\"h-global-transition-all h-heading style-1606 style-local-2752-c7 position-relative h-element\">\n                  <!---->\n                  <div class=\"h-heading__outer style-1606 style-local-2752-c7\">\n                    <!---->\n                    <!---->\n                    <h1 class=\"\">Don't hesitate to contact us if you need more information!<\/h1>\n                  <\/div>\n                <\/div>\n                <div data-colibri-id=\"2752-c8\" class=\"h-row-container gutters-row-lg-0 gutters-row-md-0 gutters-row-0 gutters-row-v-lg-0 gutters-row-v-md-0 gutters-row-v-0 style-1621 style-local-2752-c8 position-relative\">\n                  <!---->\n                  <div class=\"h-row justify-content-lg-center justify-content-md-center justify-content-center align-items-lg-stretch align-items-md-stretch align-items-stretch gutters-col-lg-0 gutters-col-md-0 gutters-col-0 gutters-col-v-lg-0 gutters-col-v-md-0 gutters-col-v-0\">\n                    <!---->\n                    <div class=\"h-column h-column-container d-flex h-col-lg-12 h-col-md-12 h-col-12 style-1622-outer style-local-2752-c9-outer\">\n                      <div data-colibri-id=\"2752-c9\" class=\"d-flex h-flex-basis h-column__inner h-px-lg-3 h-px-md-3 h-px-3 v-inner-lg-0 v-inner-md-0 v-inner-0 style-1622 style-local-2752-c9 position-relative\">\n                        <!---->\n                        <!---->\n                        <div class=\"w-100 h-y-container h-column__content h-column__v-align flex-basis-100 align-self-lg-start align-self-md-start align-self-start\">\n                          <!---->\n                          <div data-colibri-id=\"2752-c10\" class=\"h-x-container style-1613 style-local-2752-c10 position-relative h-element\">\n                            <!---->\n                            <div class=\"h-x-container-inner style-dynamic-2752-c10-group style-1613-spacing style-local-2752-c10-spacing\"><span class=\"h-link__outer style-1614-outer style-local-2752-c11-outer d-inline-flex h-element\"><a h-use-smooth-scroll=\"true\" href=\"mailto:info@jeuxdegenie.qc.ca\"  data-colibri-id=\"2752-c11\" class=\"d-flex w-100 align-items-center h-link style-1614 style-local-2752-c11 position-relative\"><!----><span  class=\"h-svg-icon h-link__icon style-1614-icon style-local-2752-c11-icon\"><!--Icon by Font Awesome (https:\/\/fontawesome.com)-->\n    <svg version=\"1.1\" xmlns=\"http:\/\/www.w3.org\/2000\/svg\" xmlns:xlink=\"http:\/\/www.w3.org\/1999\/xlink\" id=\"envelope\" viewbox=\"0 0 1792 1896.0833\">\n      <path d=\"M1792 710v794q0 66-47 113t-113 47H160q-66 0-113-47T0 1504V710q44 49 101 87 362 246 497 345 57 42 92.5 65.5t94.5 48 110 24.5h2q51 0 110-24.5t94.5-48 92.5-65.5q170-123 498-345 57-39 100-87zm0-294q0 79-49 151t-122 123q-376 261-468 325-10 7-42.5 30.5t-54 38-52 32.5-57.5 27-50 9h-2q-23 0-50-9t-57.5-27-52-32.5-54-38T639 1015q-91-64-262-182.5T172 690q-62-42-117-115.5T0 438q0-78 41.5-130T160 256h1472q65 0 112.5 47t47.5 113z\"><\/path>\n    <\/svg><\/span> <span>info@jeuxdegenie.qc.ca<\/span><\/a>\n                              <\/span>\n                            <\/div>\n                          <\/div>\n                          <div data-colibri-id=\"2752-c12\" class=\"h-x-container style-1624 style-local-2752-c12 position-relative h-element\">\n                            <!---->\n                            <div class=\"h-x-container-inner style-dynamic-2752-c12-group style-1624-spacing style-local-2752-c12-spacing\"><span class=\"h-link__outer style-1625-outer style-local-2752-c13-outer d-inline-flex h-element\"><a h-use-smooth-scroll=\"true\" href=\"https:\/\/facebook.com\/jeuxdegenie\" target=\"_blank\"  data-colibri-id=\"2752-c13\" class=\"d-flex w-100 align-items-center h-link style-1625 style-local-2752-c13 position-relative\"><!----><span  class=\"h-svg-icon h-link__icon style-1625-icon style-local-2752-c13-icon\"><!--Icon by Font Awesome (https:\/\/fontawesome.com)-->\n    <svg version=\"1.1\" xmlns=\"http:\/\/www.w3.org\/2000\/svg\" xmlns:xlink=\"http:\/\/www.w3.org\/1999\/xlink\" id=\"facebook-official\" viewbox=\"0 0 1559.268 1896.0833\">\n      <path d=\"M1451 128q35 0 60 25t25 60v1366q0 35-25 60t-60 25h-391v-595h199l30-232h-229V689q0-56 23.5-84t91.5-28l122-1V369q-63-9-178-9-136 0-217.5 80T820 666v171H620v232h200v595H85q-35 0-60-25t-25-60V213q0-35 25-60t60-25h1366z\"><\/path>\n    <\/svg><\/span> <span>facebook.com\/jeuxdegenie<\/span><\/a>\n                              <\/span>\n                            <\/div>\n                          <\/div>\n                          <div data-colibri-id=\"2752-c14\" class=\"h-x-container style-1618 style-local-2752-c14 position-relative h-element\">\n                            <!---->\n                            <div class=\"h-x-container-inner style-dynamic-2752-c14-group style-1618-spacing style-local-2752-c14-spacing\"><span class=\"h-link__outer style-1619-outer style-local-2752-c15-outer d-inline-flex h-element\"><a h-use-smooth-scroll=\"true\" href=\"https:\/\/instagram.com\/jeuxdegenieduquebec\" target=\"_blank\"  data-colibri-id=\"2752-c15\" class=\"d-flex w-100 align-items-center h-link style-1619 style-local-2752-c15 position-relative\"><!----><span  class=\"h-svg-icon h-link__icon style-1619-icon style-local-2752-c15-icon\"><!--Icon by Font Awesome (https:\/\/fontawesome.com)-->\n    <svg version=\"1.1\" xmlns=\"http:\/\/www.w3.org\/2000\/svg\" xmlns:xlink=\"http:\/\/www.w3.org\/1999\/xlink\" id=\"instagram\" viewbox=\"0 0 1536 1896.0833\">\n      <path d=\"M1024 896q0-106-75-181t-181-75-181 75-75 181 75 181 181 75 181-75 75-181zm138 0q0 164-115 279t-279 115-279-115-115-279 115-279 279-115 279 115 115 279zm108-410q0 38-27 65t-65 27-65-27-27-65 27-65 65-27 65 27 27 65zM768 266q-7 0-76.5-.5t-105.5 0-96.5 3-103 10T315 297q-50 20-88 58t-58 88q-11 29-18.5 71.5t-10 103-3 96.5 0 105.5.5 76.5-.5 76.5 0 105.5 3 96.5 10 103T169 1349q20 50 58 88t88 58q29 11 71.5 18.5t103 10 96.5 3 105.5 0 76.5-.5 76.5.5 105.5 0 96.5-3 103-10 71.5-18.5q50-20 88-58t58-88q11-29 18.5-71.5t10-103 3-96.5 0-105.5-.5-76.5.5-76.5 0-105.5-3-96.5-10-103T1367 443q-20-50-58-88t-88-58q-29-11-71.5-18.5t-103-10-96.5-3-105.5 0-76.5.5zm768 630q0 229-5 317-10 208-124 322t-322 124q-88 5-317 5t-317-5q-208-10-322-124T5 1213q-5-88-5-317t5-317q10-208 124-322t322-124q88-5 317-5t317 5q208 10 322 124t124 322q5 88 5 317z\"><\/path>\n    <\/svg><\/span> <span>instagram.com\/jeuxdegenieduquebec<\/span><\/a>\n                              <\/span>\n                            <\/div>\n                          <\/div>\n                          <div data-colibri-id=\"2752-c16\" class=\"h-x-container style-1626 style-local-2752-c16 position-relative h-element\">\n                            <!---->\n                            <div class=\"h-x-container-inner style-dynamic-2752-c16-group style-1626-spacing style-local-2752-c16-spacing\"><span class=\"h-link__outer style-1627-outer style-local-2752-c17-outer d-inline-flex h-element\"><a h-use-smooth-scroll=\"true\" href=\"https:\/\/linkedin.com\/company\/jdg-qc\" target=\"_blank\"  data-colibri-id=\"2752-c17\" class=\"d-flex w-100 align-items-center h-link style-1627 style-local-2752-c17 position-relative\"><!----><span  class=\"h-svg-icon h-link__icon style-1627-icon style-local-2752-c17-icon\"><!--Icon by Font Awesome (https:\/\/fontawesome.com)-->\n    <svg version=\"1.1\" xmlns=\"http:\/\/www.w3.org\/2000\/svg\" xmlns:xlink=\"http:\/\/www.w3.org\/1999\/xlink\" id=\"linkedin-square\" viewbox=\"0 0 1536 1896.0833\">\n      <path d=\"M237 1414h231V720H237v694zm246-908q-1-52-36-86t-93-34-94.5 34-36.5 86q0 51 35.5 85.5T351 626h1q59 0 95-34.5t36-85.5zm585 908h231v-398q0-154-73-233t-193-79q-136 0-209 117h2V720H595q3 66 0 694h231v-388q0-38 7-56 15-35 45-59.5t74-24.5q116 0 116 157v371zm468-998v960q0 119-84.5 203.5T1248 1664H288q-119 0-203.5-84.5T0 1376V416q0-119 84.5-203.5T288 128h960q119 0 203.5 84.5T1536 416z\"><\/path>\n    <\/svg><\/span> <span>linkedin.com\/company\/jdg-qc<\/span><\/a>\n                              <\/span>\n                            <\/div>\n                          <\/div>\n                        <\/div>\n                      <\/div>\n                    <\/div>\n                  <\/div>\n                <\/div>\n                <div data-colibri-id=\"2752-c18\" class=\"h-row-container gutters-row-lg-0 gutters-row-md-0 gutters-row-0 gutters-row-v-lg-0 gutters-row-v-md-0 gutters-row-v-0 style-1728 style-local-2752-c18 position-relative\">\n                  <!---->\n                  <div class=\"h-row justify-content-lg-center justify-content-md-center justify-content-center align-items-lg-stretch align-items-md-stretch align-items-stretch gutters-col-lg-0 gutters-col-md-0 gutters-col-0 gutters-col-v-lg-0 gutters-col-v-md-0 gutters-col-v-0\">\n                    <!---->\n                    <div class=\"h-column h-column-container d-flex h-col-lg-auto h-col-md-auto h-col-auto style-1729-outer style-local-2752-c19-outer\">\n                      <div data-colibri-id=\"2752-c19\" class=\"d-flex h-flex-basis h-column__inner h-px-lg-0 h-px-md-0 h-px-0 v-inner-lg-0 v-inner-md-0 v-inner-0 style-1729 style-local-2752-c19 position-relative\">\n                        <!---->\n                        <!---->\n                        <div class=\"w-100 h-y-container h-column__content h-column__v-align flex-basis-100 align-self-lg-center align-self-md-center align-self-center\">\n                          <!---->\n                          <div data-colibri-id=\"2752-c20\" class=\"d-block style-1731 style-local-2752-c20 position-relative h-element\">\n                            <!---->\n                            <div class=\"h-image__frame-container-outer\">\n                              <a href=\"https:\/\/www.creiq.qc.ca\/\" target=\"_blank\" h-use-smooth-scroll=\"true\" class=\"image-link\">\n                                <div class=\"h-image__frame-container\">\n                                  <!---->\n                                  <!---->\n                                  <img decoding=\"async\" width=\"1000\" height=\"280\" data-src=\"https:\/\/jeuxdegenie.qc.ca\/jdg\/2027\/wp-content\/uploads\/2024\/07\/2870.5-logo_creiq.png\" class=\"wp-image-3902 style-1731-image style-local-2752-c20-image lazyload\" alt=\"\" data-srcset=\"https:\/\/jeuxdegenie.qc.ca\/jdg\/2026\/wp-content\/uploads\/2024\/07\/2870.5-logo_creiq.png 1000w, https:\/\/jeuxdegenie.qc.ca\/jdg\/2026\/wp-content\/uploads\/2024\/07\/2870.5-logo_creiq-300x84.png 300w, https:\/\/jeuxdegenie.qc.ca\/jdg\/2026\/wp-content\/uploads\/2024\/07\/2870.5-logo_creiq-768x215.png 768w\" data-sizes=\"(max-width: 1000px) 100vw, 1000px\" src=\"data:image\/gif;base64,R0lGODlhAQABAAAAACH5BAEKAAEALAAAAAABAAEAAAICTAEAOw==\" style=\"--smush-placeholder-width: 1000px; --smush-placeholder-aspect-ratio: 1000\/280;\" \/>\n                                  <div class=\"h-image__frame h-hide-lg h-hide-md h-hide-sm style-1731-frameImage style-local-2752-c20-frameImage\"><\/div>\n                                <\/div>\n                              <\/a>\n                            <\/div>\n                          <\/div>\n                        <\/div>\n                      <\/div>\n                    <\/div>\n                    <div class=\"h-column h-column-container d-flex h-col-lg h-col-md h-col-auto style-1730-outer style-local-2752-c21-outer\">\n                      <div data-colibri-id=\"2752-c21\" class=\"d-flex h-flex-basis h-column__inner h-px-lg-1 h-px-md-1 h-px-1 v-inner-lg-0 v-inner-md-0 v-inner-0 style-1730 style-local-2752-c21 position-relative\">\n                        <!---->\n                        <!---->\n                        <div class=\"w-100 h-y-container h-column__content h-column__v-align flex-basis-100 align-self-lg-start align-self-md-start align-self-start\">\n                          <!---->\n                          <div data-colibri-id=\"2752-c22\" class=\"style-1616 style-local-2752-c22 position-relative h-element\">\n                            <!---->\n                            <div class=\"h-global-transition-all h-global-transition h-global-transition-all h-contact-form-shortcode\"><\/div>\n                          <\/div>\n                        <\/div>\n                      <\/div>\n                    <\/div>\n                  <\/div>\n                <\/div>\n              <\/div>\n            <\/div>\n          <\/div>\n        <\/div>\n      <\/div>\n    <\/div>\n  <\/div>\n<\/div>","protected":false},"excerpt":{"rendered":"<p>N&rsquo;h\u00e9sitez pas \u00e0 nous contacter si vous avez besoin de plus de renseignements! info@jeuxdegenie.qc.ca facebook.com\/jeuxdegenie instagram.com\/jeuxdegenieduquebec linkedin.com\/company\/jdg-qc<\/p>","protected":false},"author":1,"featured_media":0,"parent":0,"menu_order":0,"comment_status":"closed","ping_status":"closed","template":"page-templates\/full-width-page.php","meta":{"footnotes":""},"class_list":["post-2752","page","type-page","status-publish","hentry"],"yoast_head":"<!-- This site is optimized with the Yoast SEO plugin v25.0 - https:\/\/yoast.com\/wordpress\/plugins\/seo\/ -->\n<title>Nous Contacter - Jeux de G\u00e9nie 2026<\/title>\n<meta name=\"robots\" content=\"index, follow, max-snippet:-1, max-image-preview:large, max-video-preview:-1\" \/>\n<link rel=\"canonical\" href=\"https:\/\/jeuxdegenie.qc.ca\/en\/contact\/\" \/>\n<meta property=\"og:locale\" content=\"en_US\" \/>\n<meta property=\"og:type\" content=\"article\" \/>\n<meta property=\"og:title\" content=\"Nous Contacter - Jeux de G\u00e9nie 2026\" \/>\n<meta property=\"og:description\" content=\"N&rsquo;h\u00e9sitez pas \u00e0 nous contacter si vous avez besoin de plus de renseignements! info@jeuxdegenie.qc.ca facebook.com\/jeuxdegenie instagram.com\/jeuxdegenieduquebec linkedin.com\/company\/jdg-qc\" \/>\n<meta property=\"og:url\" content=\"https:\/\/jeuxdegenie.qc.ca\/en\/contact\/\" \/>\n<meta property=\"og:site_name\" content=\"Jeux de G\u00e9nie 2026\" \/>\n<meta property=\"article:modified_time\" content=\"2025-05-29T21:20:19+00:00\" \/>\n<meta property=\"og:image\" content=\"https:\/\/jeuxdegenie.qc.ca\/jdg\/2026\/wp-content\/uploads\/2025\/05\/cropped-cropped-banquet.jpg\" \/>\n\t<meta property=\"og:image:width\" content=\"1261\" \/>\n\t<meta property=\"og:image:height\" content=\"1258\" \/>\n\t<meta property=\"og:image:type\" content=\"image\/jpeg\" \/>\n<meta name=\"twitter:card\" content=\"summary_large_image\" \/>\n<script type=\"application\/ld+json\" class=\"yoast-schema-graph\">{\"@context\":\"https:\/\/schema.org\",\"@graph\":[{\"@type\":\"WebPage\",\"@id\":\"https:\/\/jeuxdegenie.qc.ca\/contact\/\",\"url\":\"https:\/\/jeuxdegenie.qc.ca\/contact\/\",\"name\":\"Nous Contacter - Jeux de G\u00e9nie 2026\",\"isPartOf\":{\"@id\":\"https:\/\/jeuxdegenie.qc.ca\/#website\"},\"primaryImageOfPage\":{\"@id\":\"https:\/\/jeuxdegenie.qc.ca\/contact\/#primaryimage\"},\"image\":{\"@id\":\"https:\/\/jeuxdegenie.qc.ca\/contact\/#primaryimage\"},\"thumbnailUrl\":\"https:\/\/jeuxdegenie.qc.ca\/jdg\/2026\/wp-content\/uploads\/2025\/05\/cropped-cropped-banquet.jpg\",\"datePublished\":\"2024-05-04T01:28:34+00:00\",\"dateModified\":\"2025-05-29T21:20:19+00:00\",\"breadcrumb\":{\"@id\":\"https:\/\/jeuxdegenie.qc.ca\/contact\/#breadcrumb\"},\"inLanguage\":\"en-CA\",\"potentialAction\":[{\"@type\":\"ReadAction\",\"target\":[\"https:\/\/jeuxdegenie.qc.ca\/contact\/\"]}]},{\"@type\":\"ImageObject\",\"inLanguage\":\"en-CA\",\"@id\":\"https:\/\/jeuxdegenie.qc.ca\/contact\/#primaryimage\",\"url\":\"https:\/\/jeuxdegenie.qc.ca\/jdg\/2026\/wp-content\/uploads\/2025\/05\/cropped-cropped-banquet.jpg\",\"contentUrl\":\"https:\/\/jeuxdegenie.qc.ca\/jdg\/2026\/wp-content\/uploads\/2025\/05\/cropped-cropped-banquet.jpg\"},{\"@type\":\"BreadcrumbList\",\"@id\":\"https:\/\/jeuxdegenie.qc.ca\/contact\/#breadcrumb\",\"itemListElement\":[{\"@type\":\"ListItem\",\"position\":1,\"name\":\"Accueil\",\"item\":\"https:\/\/jeuxdegenie.qc.ca\/\"},{\"@type\":\"ListItem\",\"position\":2,\"name\":\"Nous Contacter\"}]},{\"@type\":\"WebSite\",\"@id\":\"https:\/\/jeuxdegenie.qc.ca\/#website\",\"url\":\"https:\/\/jeuxdegenie.qc.ca\/\",\"name\":\"Jeux de G\u00e9nie 2025\",\"description\":\"Jeux de G\u00e9nie 2026\",\"publisher\":{\"@id\":\"https:\/\/jeuxdegenie.qc.ca\/#organization\"},\"alternateName\":\"Quebec Engineering Games 2025\",\"potentialAction\":[{\"@type\":\"SearchAction\",\"target\":{\"@type\":\"EntryPoint\",\"urlTemplate\":\"https:\/\/jeuxdegenie.qc.ca\/?s={search_term_string}\"},\"query-input\":{\"@type\":\"PropertyValueSpecification\",\"valueRequired\":true,\"valueName\":\"search_term_string\"}}],\"inLanguage\":\"en-CA\"},{\"@type\":\"Organization\",\"@id\":\"https:\/\/jeuxdegenie.qc.ca\/#organization\",\"name\":\"Jeux de G\u00e9nie 2025\",\"alternateName\":\"Quebec Engineering Games 2025\",\"url\":\"https:\/\/jeuxdegenie.qc.ca\/\",\"logo\":{\"@type\":\"ImageObject\",\"inLanguage\":\"en-CA\",\"@id\":\"https:\/\/jeuxdegenie.qc.ca\/#\/schema\/logo\/image\/\",\"url\":\"https:\/\/jeuxdegenie.qc.ca\/jdg\/2026\/wp-content\/uploads\/2025\/05\/Logo-lampe.png\",\"contentUrl\":\"https:\/\/jeuxdegenie.qc.ca\/jdg\/2026\/wp-content\/uploads\/2025\/05\/Logo-lampe.png\",\"width\":2508,\"height\":1660,\"caption\":\"Jeux de G\u00e9nie 2025\"},\"image\":{\"@id\":\"https:\/\/jeuxdegenie.qc.ca\/#\/schema\/logo\/image\/\"}}]}<\/script>\n<!-- \/ Yoast SEO plugin. -->","yoast_head_json":{"title":"Nous Contacter - Jeux de G\u00e9nie 2026","robots":{"index":"index","follow":"follow","max-snippet":"max-snippet:-1","max-image-preview":"max-image-preview:large","max-video-preview":"max-video-preview:-1"},"canonical":"https:\/\/jeuxdegenie.qc.ca\/en\/contact\/","og_locale":"en_US","og_type":"article","og_title":"Nous Contacter - Jeux de G\u00e9nie 2026","og_description":"N&rsquo;h\u00e9sitez pas \u00e0 nous contacter si vous avez besoin de plus de renseignements! info@jeuxdegenie.qc.ca facebook.com\/jeuxdegenie instagram.com\/jeuxdegenieduquebec linkedin.com\/company\/jdg-qc","og_url":"https:\/\/jeuxdegenie.qc.ca\/en\/contact\/","og_site_name":"Jeux de G\u00e9nie 2026","article_modified_time":"2025-05-29T21:20:19+00:00","og_image":[{"width":1261,"height":1258,"url":"https:\/\/jeuxdegenie.qc.ca\/jdg\/2026\/wp-content\/uploads\/2025\/05\/cropped-cropped-banquet.jpg","type":"image\/jpeg"}],"twitter_card":"summary_large_image","schema":{"@context":"https:\/\/schema.org","@graph":[{"@type":"WebPage","@id":"https:\/\/jeuxdegenie.qc.ca\/contact\/","url":"https:\/\/jeuxdegenie.qc.ca\/contact\/","name":"Nous Contacter - Jeux de G\u00e9nie 2026","isPartOf":{"@id":"https:\/\/jeuxdegenie.qc.ca\/#website"},"primaryImageOfPage":{"@id":"https:\/\/jeuxdegenie.qc.ca\/contact\/#primaryimage"},"image":{"@id":"https:\/\/jeuxdegenie.qc.ca\/contact\/#primaryimage"},"thumbnailUrl":"https:\/\/jeuxdegenie.qc.ca\/jdg\/2026\/wp-content\/uploads\/2025\/05\/cropped-cropped-banquet.jpg","datePublished":"2024-05-04T01:28:34+00:00","dateModified":"2025-05-29T21:20:19+00:00","breadcrumb":{"@id":"https:\/\/jeuxdegenie.qc.ca\/contact\/#breadcrumb"},"inLanguage":"en-CA","potentialAction":[{"@type":"ReadAction","target":["https:\/\/jeuxdegenie.qc.ca\/contact\/"]}]},{"@type":"ImageObject","inLanguage":"en-CA","@id":"https:\/\/jeuxdegenie.qc.ca\/contact\/#primaryimage","url":"https:\/\/jeuxdegenie.qc.ca\/jdg\/2026\/wp-content\/uploads\/2025\/05\/cropped-cropped-banquet.jpg","contentUrl":"https:\/\/jeuxdegenie.qc.ca\/jdg\/2026\/wp-content\/uploads\/2025\/05\/cropped-cropped-banquet.jpg"},{"@type":"BreadcrumbList","@id":"https:\/\/jeuxdegenie.qc.ca\/contact\/#breadcrumb","itemListElement":[{"@type":"ListItem","position":1,"name":"Accueil","item":"https:\/\/jeuxdegenie.qc.ca\/"},{"@type":"ListItem","position":2,"name":"Nous Contacter"}]},{"@type":"WebSite","@id":"https:\/\/jeuxdegenie.qc.ca\/#website","url":"https:\/\/jeuxdegenie.qc.ca\/","name":"Jeux de G\u00e9nie 2025","description":"Jeux de G\u00e9nie 2026","publisher":{"@id":"https:\/\/jeuxdegenie.qc.ca\/#organization"},"alternateName":"Quebec Engineering Games 2025","potentialAction":[{"@type":"SearchAction","target":{"@type":"EntryPoint","urlTemplate":"https:\/\/jeuxdegenie.qc.ca\/?s={search_term_string}"},"query-input":{"@type":"PropertyValueSpecification","valueRequired":true,"valueName":"search_term_string"}}],"inLanguage":"en-CA"},{"@type":"Organization","@id":"https:\/\/jeuxdegenie.qc.ca\/#organization","name":"Jeux de G\u00e9nie 2025","alternateName":"Quebec Engineering Games 2025","url":"https:\/\/jeuxdegenie.qc.ca\/","logo":{"@type":"ImageObject","inLanguage":"en-CA","@id":"https:\/\/jeuxdegenie.qc.ca\/#\/schema\/logo\/image\/","url":"https:\/\/jeuxdegenie.qc.ca\/jdg\/2026\/wp-content\/uploads\/2025\/05\/Logo-lampe.png","contentUrl":"https:\/\/jeuxdegenie.qc.ca\/jdg\/2026\/wp-content\/uploads\/2025\/05\/Logo-lampe.png","width":2508,"height":1660,"caption":"Jeux de G\u00e9nie 2025"},"image":{"@id":"https:\/\/jeuxdegenie.qc.ca\/#\/schema\/logo\/image\/"}}]}},"_links":{"self":[{"href":"https:\/\/jeuxdegenie.qc.ca\/en\/wp-json\/wp\/v2\/pages\/2752","targetHints":{"allow":["GET"]}}],"collection":[{"href":"https:\/\/jeuxdegenie.qc.ca\/en\/wp-json\/wp\/v2\/pages"}],"about":[{"href":"https:\/\/jeuxdegenie.qc.ca\/en\/wp-json\/wp\/v2\/types\/page"}],"author":[{"embeddable":true,"href":"https:\/\/jeuxdegenie.qc.ca\/en\/wp-json\/wp\/v2\/users\/1"}],"replies":[{"embeddable":true,"href":"https:\/\/jeuxdegenie.qc.ca\/en\/wp-json\/wp\/v2\/comments?post=2752"}],"version-history":[{"count":20,"href":"https:\/\/jeuxdegenie.qc.ca\/en\/wp-json\/wp\/v2\/pages\/2752\/revisions"}],"predecessor-version":[{"id":6134,"href":"https:\/\/jeuxdegenie.qc.ca\/en\/wp-json\/wp\/v2\/pages\/2752\/revisions\/6134"}],"wp:attachment":[{"href":"https:\/\/jeuxdegenie.qc.ca\/en\/wp-json\/wp\/v2\/media?parent=2752"}],"curies":[{"name":"wp","href":"https:\/\/api.w.org\/{rel}","templated":true}]}}